{"id":2,"date":"2010-10-21T14:03:19","date_gmt":"2010-10-21T14:03:19","guid":{"rendered":"http:\/\/www.bettinastadler.de\/wordpress\/?page_id=2"},"modified":"2015-05-28T12:28:55","modified_gmt":"2015-05-28T10:28:55","slug":"eine-seite","status":"publish","type":"page","link":"http:\/\/www.blog.bettinastadler.de\/wordpress\/eine-seite\/","title":{"rendered":"Eine Seite"},"content":{"rendered":"<p>&#8230; f\u00fcr den Blick hinter die Kulissen? Aber gerne &#8211; bitte sehr:<br \/>\nHier schreiben, denken, bloggen und verbildern sich Stina, krikri und daHias wohnhaft im sch\u00f6nen middelfr\u00e4nggischen N\u00e4mberch &#8211; mit Begeisterung f\u00fcr ihre Heimat, den Club, Kunst und Kultur &#8211; Natur und G\u00e4rtnern, Reisen, Spielen, Spa\u00df, Sport, Urlaub, Design &#8230;<br \/>\nWir berichten \u00fcber Dinge, die uns begeistern oder entgeistern. Was uns auff\u00e4llt oder einf\u00e4llt. Was ansteht oder rumsteht. Allt\u00e4gliches und Besonders.<br \/>\nWie das Leben so spielt und wohin es uns sp\u00fclt.<\/p>\n<p>Viel Spa\u00df beim Lesen!<\/p>\n","protected":false},"excerpt":{"rendered":"<p>&#8230; f\u00fcr den Blick hinter die Kulissen? Aber gerne &#8211; bitte sehr: Hier schreiben, denken, bloggen und verbildern sich Stina, krikri und daHias wohnhaft im sch\u00f6nen middelfr\u00e4nggischen N\u00e4mberch &#8211; mit Begeisterung f\u00fcr ihre Heimat, den Club, Kunst und Kultur &#8211; &hellip; <a href=\"http:\/\/www.blog.bettinastadler.de\/wordpress\/eine-seite\/\">Weiterlesen <span class=\"meta-nav\">&rarr;<\/span><\/a><\/p>\n","protected":false},"author":1,"featured_media":0,"parent":0,"menu_order":1,"comment_status":"closed","ping_status":"open","template":"","meta":{"footnotes":""},"class_list":["post-2","page","type-page","status-publish","hentry"],"_links":{"self":[{"href":"http:\/\/www.blog.bettinastadler.de\/wordpress\/wp-json\/wp\/v2\/pages\/2","targetHints":{"allow":["GET"]}}],"collection":[{"href":"http:\/\/www.blog.bettinastadler.de\/wordpress\/wp-json\/wp\/v2\/pages"}],"about":[{"href":"http:\/\/www.blog.bettinastadler.de\/wordpress\/wp-json\/wp\/v2\/types\/page"}],"author":[{"embeddable":true,"href":"http:\/\/www.blog.bettinastadler.de\/wordpress\/wp-json\/wp\/v2\/users\/1"}],"replies":[{"embeddable":true,"href":"http:\/\/www.blog.bettinastadler.de\/wordpress\/wp-json\/wp\/v2\/comments?post=2"}],"version-history":[{"count":10,"href":"http:\/\/www.blog.bettinastadler.de\/wordpress\/wp-json\/wp\/v2\/pages\/2\/revisions"}],"predecessor-version":[{"id":2651,"href":"http:\/\/www.blog.bettinastadler.de\/wordpress\/wp-json\/wp\/v2\/pages\/2\/revisions\/2651"}],"wp:attachment":[{"href":"http:\/\/www.blog.bettinastadler.de\/wordpress\/wp-json\/wp\/v2\/media?parent=2"}],"curies":[{"name":"wp","href":"https:\/\/api.w.org\/{rel}","templated":true}]}}